{"id":1861,"date":"2025-09-05T11:40:04","date_gmt":"2025-09-05T05:55:04","guid":{"rendered":"https:\/\/ssn.com.np\/?page_id=1861"},"modified":"2026-05-11T19:59:06","modified_gmt":"2026-05-11T14:14:06","slug":"election-2026","status":"publish","type":"page","link":"https:\/\/ssn.com.np\/?page_id=1861","title":{"rendered":"Election 2026"},"content":{"rendered":"<p><strong><a href=\"https:\/\/drive.google.com\/file\/d\/1Q_jnW_DKsqSsxMcAEdpTZqOK-UerXzwS\/view?usp=drive_link\">CLICK HERE FOR NOMINATION FORM<\/a><\/strong><\/p>\n<p><a href=\"https:\/\/drive.google.com\/file\/d\/1QqZVgo9NOt-vFkJhal945w0Wak8KT3z2\/view?usp=drive_link\"><strong>CLICK HERE TO VIEW AND VERIFY THE PHONE AND EMAIL OF ELIGIBLE VOTERS<\/strong>.<\/a><\/p>\n<p><strong><a href=\"https:\/\/drive.google.com\/file\/d\/156p201fkHhgK7PpEwcUTI6pAGfNZQ05S\/view?usp=drive_link\">CLICK HERE TO VIEW \u0928\u093f\u0930\u094d\u0935\u093e\u091a\u0928 \u0915\u093e\u0930\u094d\u092f\u0935\u093f\u0927\u093f<\/a><\/strong><\/p>\n<p><strong><a href=\"https:\/\/drive.google.com\/file\/d\/1Q_jnW_DKsqSsxMcAEdpTZqOK-UerXzwS\/view?usp=drive_link\"><img loading=\"lazy\" decoding=\"async\" class=\"alignnone wp-image-1901 size-large\" src=\"http:\/\/ssn.com.np\/wp-content\/uploads\/2025\/10\/New-Notice_page-0001-724x1024.jpg\" alt=\"\" width=\"724\" height=\"1024\" srcset=\"https:\/\/ssn.com.np\/wp-content\/uploads\/2025\/10\/New-Notice_page-0001-724x1024.jpg 724w, https:\/\/ssn.com.np\/wp-content\/uploads\/2025\/10\/New-Notice_page-0001-212x300.jpg 212w, https:\/\/ssn.com.np\/wp-content\/uploads\/2025\/10\/New-Notice_page-0001-768x1086.jpg 768w, https:\/\/ssn.com.np\/wp-content\/uploads\/2025\/10\/New-Notice_page-0001-1086x1536.jpg 1086w, https:\/\/ssn.com.np\/wp-content\/uploads\/2025\/10\/New-Notice_page-0001-1448x2048.jpg 1448w, https:\/\/ssn.com.np\/wp-content\/uploads\/2025\/10\/New-Notice_page-0001-scaled.jpg 1810w\" sizes=\"(max-width: 724px) 100vw, 724px\" \/><\/a><\/strong><img loading=\"lazy\" decoding=\"async\" class=\"alignnone wp-image-1877 size-large\" src=\"http:\/\/ssn.com.np\/wp-content\/uploads\/2025\/09\/2025-09-06_Nagarik_Full_pages-to-jpg-0002-1-819x1024.jpg\" alt=\"\" width=\"819\" height=\"1024\" srcset=\"https:\/\/ssn.com.np\/wp-content\/uploads\/2025\/09\/2025-09-06_Nagarik_Full_pages-to-jpg-0002-1-819x1024.jpg 819w, https:\/\/ssn.com.np\/wp-content\/uploads\/2025\/09\/2025-09-06_Nagarik_Full_pages-to-jpg-0002-1-240x300.jpg 240w, https:\/\/ssn.com.np\/wp-content\/uploads\/2025\/09\/2025-09-06_Nagarik_Full_pages-to-jpg-0002-1-768x960.jpg 768w, https:\/\/ssn.com.np\/wp-content\/uploads\/2025\/09\/2025-09-06_Nagarik_Full_pages-to-jpg-0002-1-1229x1536.jpg 1229w, https:\/\/ssn.com.np\/wp-content\/uploads\/2025\/09\/2025-09-06_Nagarik_Full_pages-to-jpg-0002-1-1639x2048.jpg 1639w, https:\/\/ssn.com.np\/wp-content\/uploads\/2025\/09\/2025-09-06_Nagarik_Full_pages-to-jpg-0002-1-scaled.jpg 2048w\" sizes=\"(max-width: 819px) 100vw, 819px\" \/><\/p>\n<p>&nbsp;<\/p>\n<p>&nbsp;<\/p>\n<p>&nbsp;<\/p>\n<p>&nbsp;<\/p>\n<p>&nbsp;<\/p>\n<p>&nbsp;<\/p>\n<p>&nbsp;<\/p>\n<p>&nbsp;<\/p>\n<p>&nbsp;<\/p>\n<p>&nbsp;<\/p>\n<p>&nbsp;<\/p>\n<p>&nbsp;<\/p>\n<p>&nbsp;<\/p>\n<p>&nbsp;<\/p>\n<p>&nbsp;<\/p>\n<p>&nbsp;<\/p>\n<p>&nbsp;<\/p>\n<p>&nbsp;<\/p>\n<p>&nbsp;<\/p>\n<p>&nbsp;<\/p>\n<p>&nbsp;<\/p>\n<p>&nbsp;<\/p>\n<p>&nbsp;<\/p>\n<p>&nbsp;<\/p>\n<p>&nbsp;<\/p>\n<p><img loading=\"lazy\" decoding=\"async\" class=\"alignnone wp-image-1858 size-large\" src=\"http:\/\/ssn.com.np\/wp-content\/uploads\/2025\/08\/Election-karyabidhi-2025_page-0001-791x1024.jpg\" alt=\"\" width=\"791\" height=\"1024\" srcset=\"https:\/\/ssn.com.np\/wp-content\/uploads\/2025\/08\/Election-karyabidhi-2025_page-0001-791x1024.jpg 791w, https:\/\/ssn.com.np\/wp-content\/uploads\/2025\/08\/Election-karyabidhi-2025_page-0001-232x300.jpg 232w, https:\/\/ssn.com.np\/wp-content\/uploads\/2025\/08\/Election-karyabidhi-2025_page-0001-768x994.jpg 768w, https:\/\/ssn.com.np\/wp-content\/uploads\/2025\/08\/Election-karyabidhi-2025_page-0001-1187x1536.jpg 1187w, https:\/\/ssn.com.np\/wp-content\/uploads\/2025\/08\/Election-karyabidhi-2025_page-0001-1583x2048.jpg 1583w, https:\/\/ssn.com.np\/wp-content\/uploads\/2025\/08\/Election-karyabidhi-2025_page-0001-scaled.jpg 1978w\" sizes=\"(max-width: 791px) 100vw, 791px\" \/> <img loading=\"lazy\" decoding=\"async\" class=\"alignnone wp-image-1857 size-large\" src=\"http:\/\/ssn.com.np\/wp-content\/uploads\/2025\/08\/Election-karyabidhi-2025_page-0002-791x1024.jpg\" alt=\"\" width=\"791\" height=\"1024\" srcset=\"https:\/\/ssn.com.np\/wp-content\/uploads\/2025\/08\/Election-karyabidhi-2025_page-0002-791x1024.jpg 791w, https:\/\/ssn.com.np\/wp-content\/uploads\/2025\/08\/Election-karyabidhi-2025_page-0002-232x300.jpg 232w, https:\/\/ssn.com.np\/wp-content\/uploads\/2025\/08\/Election-karyabidhi-2025_page-0002-768x994.jpg 768w, https:\/\/ssn.com.np\/wp-content\/uploads\/2025\/08\/Election-karyabidhi-2025_page-0002-1187x1536.jpg 1187w, https:\/\/ssn.com.np\/wp-content\/uploads\/2025\/08\/Election-karyabidhi-2025_page-0002-1583x2048.jpg 1583w, https:\/\/ssn.com.np\/wp-content\/uploads\/2025\/08\/Election-karyabidhi-2025_page-0002-scaled.jpg 1978w\" sizes=\"(max-width: 791px) 100vw, 791px\" \/><\/p>\n<div class=\"mp-mark-67671\">\n<div style=\"position: absolute; left: -7566px;\">\n<p>Experience the thrill of live dealers and immerse yourself in a real-time casino atmosphere as you play <a href=\"https:\/\/www.chickashaautoswapmeet.com\/\">online pokies australia real money<\/a>, where every spin brings new excitement.<\/p>\n<\/div>\n<\/div>\n<div class=\"mp-mark-1470\">\n<div style=\"position: absolute; left: -7566px;\">\n<p>Registrati facilmente e scopri i vantaggi dei <a href=\"https:\/\/www.sbmotor.it\/\">siti slot non aams<\/a> con depositi veloci e prelievi immediati, assicurandoti un&#8217;esperienza di gioco sicura e affidabile.<\/p>\n<\/div>\n<\/div>\n<div class=\"mp-mark-1761\">\n<div style=\"position: absolute; left: -7566px;\">\n<p>Con un&#8217;ampia selezione di slot machine innovative e jackpot progressivi, <a href=\"https:\/\/betscore-it.it\/\">Betscore<\/a> ti offre un&#8217;esperienza sicura e affidabile nel mondo dei casin\u00f2 online, con numerosi bonus dispon.<\/p>\n<\/div>\n<\/div>\n<div class=\"mp-mark-69289\">\n<div style=\"position: absolute; left: -7566px;\">\n<p>Odkryj bogactwo gier kasynowych, w tym automaty, poker i ruletk\u0119, kt\u00f3re <a href=\"https:\/\/spinbosscasino.pl\/\">Spinboss<\/a> oferuje dzi\u0119ki wsp\u00f3\u0142pracy z najlepszymi dostawcami oprogramowania hazardowego.<\/p>\n<\/div>\n<\/div>\n<div class=\"mp-mark-2270\">\n<div style=\"position: absolute; left: -7566px;\">\n<p>Scopri le emozioni delle slot machine e l&#8217;adrenalina dei jackpot con <a href=\"https:\/\/alawin-it.it\/\">Alawin casino<\/a>, dove ogni giro potrebbe portarti a vincere grandi premi e vivere un&#8217;esperienza indimenticabile.<\/p>\n<\/div>\n<\/div>\n","protected":false},"excerpt":{"rendered":"<p>CLICK HERE FOR NOMINATION FORM CLICK HERE TO VIEW AND VERIFY THE PHONE AND EMAIL OF ELIGIBLE VOTERS. CLICK HERE TO VIEW \u0928\u093f\u0930\u094d\u0935\u093e\u091a\u0928 \u0915\u093e\u0930\u094d\u092f\u0935\u093f\u0927\u093f &nbsp; &nbsp; &nbsp; &nbsp; &nbsp; &nbsp; &nbsp; &nbsp; &nbsp; &nbsp; &nbsp; &nbsp; &nbsp; &nbsp; &nbsp; &nbsp; &nbsp; &nbsp; &nbsp; &nbsp; &nbsp; &nbsp; &nbsp; &nbsp; &nbsp; Experience the thrill of live dealers [&hellip;]<\/p>\n","protected":false},"author":6,"featured_media":0,"parent":0,"menu_order":0,"comment_status":"closed","ping_status":"closed","template":"","meta":{"footnotes":""},"_links":{"self":[{"href":"https:\/\/ssn.com.np\/index.php?rest_route=\/wp\/v2\/pages\/1861"}],"collection":[{"href":"https:\/\/ssn.com.np\/index.php?rest_route=\/wp\/v2\/pages"}],"about":[{"href":"https:\/\/ssn.com.np\/index.php?rest_route=\/wp\/v2\/types\/page"}],"author":[{"embeddable":true,"href":"https:\/\/ssn.com.np\/index.php?rest_route=\/wp\/v2\/users\/6"}],"replies":[{"embeddable":true,"href":"https:\/\/ssn.com.np\/index.php?rest_route=%2Fwp%2Fv2%2Fcomments&post=1861"}],"version-history":[{"count":23,"href":"https:\/\/ssn.com.np\/index.php?rest_route=\/wp\/v2\/pages\/1861\/revisions"}],"predecessor-version":[{"id":11608,"href":"https:\/\/ssn.com.np\/index.php?rest_route=\/wp\/v2\/pages\/1861\/revisions\/11608"}],"wp:attachment":[{"href":"https:\/\/ssn.com.np\/index.php?rest_route=%2Fwp%2Fv2%2Fmedia&parent=1861"}],"curies":[{"name":"wp","href":"https:\/\/api.w.org\/{rel}","templated":true}]}}